{"id":36,"date":"2020-03-19T11:42:56","date_gmt":"2020-03-19T10:42:56","guid":{"rendered":"https:\/\/parolesderochelais.fr\/?page_id=36"},"modified":"2025-12-28T15:20:26","modified_gmt":"2025-12-28T14:20:26","slug":"nous-contacter","status":"publish","type":"page","link":"https:\/\/parolesderochelais.fr\/index.php\/nous-contacter\/","title":{"rendered":"Nous contacter"},"content":{"rendered":"<p><section class=\"kc-elm kc-css-845825 kc_row\"><div class=\"kc-row-container  kc-container\"><div class=\"kc-wrap-columns\"><div class=\"kc-elm kc-css-837333 kc_col-sm-3 kc_column kc_col-sm-3\"><div class=\"kc-col-container\"><\/div><\/div><div class=\"kc-elm kc-css-534324 kc_col-sm-6 kc_column kc_col-sm-6\"><div class=\"kc-col-container\"><div class=\"kc-elm kc-css-130121\" style=\"height: 70px; clear: both; width:100%;\"><\/div><div class=\"kc-elm kc-css-164526 kc_text_block\"><\/p>\n<p>Nos coordonn\u00e9es&#8230;<\/p>\n<p>\n<\/div><div class=\"kc-elm kc-css-153356 kc_text_block\"><\/p>\n<p style=\"text-align: center;\">&#8230; pour r\u00e9pondre \u00e0 vos questions, nous rencontrer, rejoindre notre \u00e9quipe, soutenir notre association, ou pour plus de renseignements sur nos livres.<\/p>\n<p>\n<\/div>\n<div class=\"kc-elm kc-css-711394 divider_line\">\n\t<div class=\"divider_inner divider_line2\">\n\t\t<i class=\"et-chat\"><\/i>\t<\/div>\n<\/div>\n<div class=\"kc-elm kc-css-683010\" style=\"height: 35px; clear: both; width:100%;\"><\/div><\/div><\/div><div class=\"kc-elm kc-css-361788 kc_col-sm-3 kc_column kc_col-sm-3\"><div class=\"kc-col-container\"><\/div><\/div><\/div><\/div><\/section><section class=\"kc-elm kc-css-591125 kc_row\"><div class=\"kc-row-container  kc-container\"><div class=\"kc-wrap-columns\"><div class=\"kc-elm kc-css-319780 kc_col-sm-3 kc_column kc_col-sm-3\"><div class=\"kc-col-container\"><\/div><\/div><div class=\"kc-elm kc-css-75432 kc_col-sm-6 kc_column kc_col-sm-6\"><div class=\"kc-col-container\"><div class=\"kc-elm kc-css-114468\" style=\"height: 70px; clear: both; width:100%;\"><\/div><div class=\"kc-elm kc-css-826472 kc_text_block\"><\/p>\n<p style=\"text-align: center;\">&#8230; pour r\u00e9pondre \u00e0 vos questions, nous rencontrer, rejoindre notre \u00e9quipe,<br \/>ou pour plus de renseignements sur nos livres. <br \/>Soutenez \u00e9galement nos actions en adh\u00e9rant \u00e0 notre association. <br \/>Montant de la cotisation 2026 : 15 \u20ac par personne (20 \u20ac par couple)\u00a0<\/p>\n<p>\n<\/div>\n<div class=\"kc-elm kc-css-300817 divider_line\">\n\t<div class=\"divider_inner divider_line2\">\n\t\t<i class=\"et-chat\"><\/i>\t<\/div>\n<\/div>\n<div class=\"kc-elm kc-css-861871\" style=\"height: 85px; clear: both; width:100%;\"><\/div><\/div><\/div><div class=\"kc-elm kc-css-102459 kc_col-sm-3 kc_column kc_col-sm-3\"><div class=\"kc-col-container\"><\/div><\/div><\/div><\/div><\/section><section data-kc-equalheight=\"true\" data-kc-equalheight-align=\"top\" class=\"kc-elm kc-css-6717 kc_row\"><div class=\"kc-row-container  kc-container\"><div class=\"kc-wrap-columns\"><div class=\"kc-elm kc-css-691423 kc_col-sm-1 kc_column kc_col-sm-1\"><div class=\"kc-col-container\"><\/div><\/div><div class=\"kc-elm kc-css-964246 kc_col-sm-5 kc_column kc_col-sm-5\"><div class=\"kc-col-container\"><div class=\"kc-elm kc-css-371850 kc_shortcode kc_single_image\">\n\n        <img src=\"https:\/\/parolesderochelais.fr\/wp-content\/uploads\/2020\/03\/photo-contact-recadre.jpg\" class=\"\" alt=\"\" \/>    <\/div>\n<\/div><\/div><div class=\"kc-elm kc-css-612152 kc_col-sm-1 kc_column kc_col-sm-1\"><div class=\"kc-col-container\"><\/div><\/div><div class=\"kc-elm kc-css-728489 kc_col-sm-5 kc_column kc_col-sm-5\"><div class=\"kc-col-container\"><div class=\"kc-elm kc-css-928099 kc_text_block\"><\/p>\n<p style=\"text-align: center;\"><strong>Nous contacter<\/strong><\/p>\n<p>\n<\/div><div class=\"kc-elm kc-css-153400 kc_text_block\"><\/p>\n<p><strong>email :<\/strong> <a href=\"parolesderochelais@gmail.com\">parolesderochelais@gmail.com<\/a><\/p>\n<p>\n<\/div><div class=\"kc-elm kc-css-410411 kc_text_block\"><\/p>\n<p>Notre adresse :<\/p>\n<p>\n<\/div><div class=\"kc-elm kc-css-730143 kc_text_block\"><\/p>\n<p>10 rue de Montr\u00e9al, 17000 LA ROCHELLE<\/p>\n<p style=\"text-align: left;\"><span class=\"C-2\">Nous vous recevrons chaque lundi apr\u00e8s-<wbr \/>midi ou sur rendez-vous.<br \/>En cas d&#039;urgence, appelez le 06.18.15.60.01\u00a0 \u00a0 \u00a0 \u00a0 \u00a0 \u00a0 \u00a0 \u00a0 \u00a0 \u00a0 \u00a0 \u00a0 \u00a0 \u00a0 \u00a0 \u00a0 \u00a0 \u00a0 \u00a0 \u00a0 \u00a0ou le pr\u00e9sident au 06 76 31 18 16.<br \/><\/span><\/p>\n<p>\n<\/div><div class=\"kc-elm kc-css-579195\" style=\"height: 10px; clear: both; width:100%;\"><\/div><div class=\"kc-elm kc-css-384897 kc-raw-code\"><iframe src=\"https:\/\/www.google.com\/maps\/d\/u\/0\/embed?mid=11_gWt7RmPVUuXYRRlv5mwsykYhAl8hPw\" width=\"600\" height=\"325\"><\/iframe><\/div><\/div><\/div><div class=\"kc-elm kc-css-655568 kc_col-sm-1 kc_column kc_col-sm-1\"><div class=\"kc-col-container\"><\/div><\/div><\/div><\/div><\/section><section class=\"kc-elm kc-css-492344 kc_row\"><div class=\"kc-row-container  kc-container\"><div class=\"kc-wrap-columns\"><div class=\"kc-elm kc-css-812840 kc_col-sm-12 kc_column kc_col-sm-12\"><div class=\"kc-col-container\"><div class=\"kc-elm kc-css-52570\" style=\"height: 150px; clear: both; width:100%;\"><\/div><\/div><\/div><\/div><\/div><\/section><section data-kc-equalheight=\"true\" data-kc-equalheight-align=\"middle\" class=\"kc-elm kc-css-696709 kc_row\"><div class=\"kc-row-container\"><div class=\"kc-wrap-columns\"><div class=\"kc-elm kc-css-250121 kc_col-sm-2 kc_column kc_col-sm-2\"><div class=\"kc-col-container\"><\/div><\/div><div class=\"kc-elm kc-css-29847 kc_col-sm-2 kc_column kc_col-sm-2\"><div class=\"kc-col-container\"><div class=\"kc-elm kc-css-831304\" style=\"height: 20px; clear: both; width:100%;\"><\/div><div class=\"kc-elm kc-css-314289 kc_shortcode kc_single_image\">\n\n        <img src=\"https:\/\/parolesderochelais.fr\/wp-content\/uploads\/2020\/03\/pdr-blanc-100x66xc.png\" class=\"\" alt=\"\" \/>    <\/div>\n<div class=\"kc-elm kc-css-314980 kc_text_block\"><\/p>\n<div style=\"text-align: center;\">r\u00e9alis\u00e9 par <a href=\"vsaintdizier@gmail.com\">Victorien Saint-Dizier<\/a><\/div>\n<div style=\"text-align: center;\">Copyright \u00a9 2020<\/div>\n<div style=\"text-align: center;\">Tous droits r\u00e9serv\u00e9s<\/div>\n<p>\n<\/div><div class=\"kc-elm kc-css-593315\" style=\"height: 20px; clear: both; width:100%;\"><\/div><\/div><\/div><div class=\"kc-elm kc-css-10786 kc_col-sm-2 kc_column kc_col-sm-2\"><div class=\"kc-col-container\">\n<div class=\"kc-elm kc-css-520713\">\n\t<a class=\"kc_button\" href=\"https:\/\/parolesderochelais.fr\/\" target=\"_self\" title=\"\" onclick=\"\">\n\t\tAccueil\t<\/a>\n<\/div>\n<\/div><\/div><div class=\"kc-elm kc-css-524877 kc_col-sm-2 kc_column kc_col-sm-2\"><div class=\"kc-col-container\">\n<div class=\"kc-elm kc-css-460248\">\n\t<a class=\"kc_button\" href=\"https:\/\/parolesderochelais.fr\/index.php\/nos-livres\/\" target=\"_self\" title=\"\" onclick=\"\">\n\t\tNos livres\t<\/a>\n<\/div>\n<\/div><\/div><div class=\"kc-elm kc-css-21820 kc_col-sm-2 kc_column kc_col-sm-2\"><div class=\"kc-col-container\">\n<div class=\"kc-elm kc-css-882522\">\n\t<a class=\"kc_button\" href=\" https:\/\/parolesderochelais.fr\/index.php\/nos-balades\" target=\"_self\" title=\"\" onclick=\"\">\n\t\tNos balades\t<\/a>\n<\/div>\n<\/div><\/div><div class=\"kc-elm kc-css-454265 kc_col-sm-2 kc_column kc_col-sm-2\"><div class=\"kc-col-container\">\n<div class=\"kc-elm kc-css-550234\">\n\t<a class=\"kc_button\" href=\"https:\/\/parolesderochelais.fr\/index.php\/nos-activites\/\" target=\"_self\" title=\"\" onclick=\"\">\n\t\tNos actualit\u00e9s\t<\/a>\n<\/div>\n<\/div><\/div><div class=\"kc-elm kc-css-282034 kc_col-sm-2 kc_column kc_col-sm-2\"><div class=\"kc-col-container\">\n<div class=\"kc-elm kc-css-199264\">\n\t<a class=\"kc_button\" href=\"https:\/\/parolesderochelais.fr\/index.php\/nous-contacter\/\" target=\"_self\" title=\"\" onclick=\"\">\n\t\tNous contacter\t<\/a>\n<\/div>\n<\/div><\/div><div class=\"kc-elm kc-css-121153 kc_col-sm-2 kc_column kc_col-sm-2\"><div class=\"kc-col-container\"><div class=\"kc-elm kc-css-370916 kc-icon-wrapper\">\n\t\t<a href=\"https:\/\/www.facebook.com\/groups\/1296578755532136\u200c\" target=\"_blank\" title=\"\">\n\t\t<i class=\"et-facebook\"><\/i>\n\t\t<\/a>\n\t<\/div>\n<\/div><\/div><\/div><\/div><\/section><\/p>\n","protected":false},"excerpt":{"rendered":"","protected":false},"author":1,"featured_media":0,"parent":0,"menu_order":0,"comment_status":"closed","ping_status":"closed","template":"","meta":{"site-sidebar-layout":"default","site-content-layout":"default","ast-global-header-display":"","ast-main-header-display":"","ast-hfb-above-header-display":"","ast-hfb-below-header-display":"","ast-hfb-mobile-header-display":"","site-post-title":"","ast-breadcrumbs-content":"","ast-featured-img":"","footer-sml-layout":"","theme-transparent-header-meta":"default","adv-header-id-meta":"","stick-header-meta":"","header-above-stick-meta":"","header-main-stick-meta":"","header-below-stick-meta":""},"_links":{"self":[{"href":"https:\/\/parolesderochelais.fr\/index.php\/wp-json\/wp\/v2\/pages\/36"}],"collection":[{"href":"https:\/\/parolesderochelais.fr\/index.php\/wp-json\/wp\/v2\/pages"}],"about":[{"href":"https:\/\/parolesderochelais.fr\/index.php\/wp-json\/wp\/v2\/types\/page"}],"author":[{"embeddable":true,"href":"https:\/\/parolesderochelais.fr\/index.php\/wp-json\/wp\/v2\/users\/1"}],"replies":[{"embeddable":true,"href":"https:\/\/parolesderochelais.fr\/index.php\/wp-json\/wp\/v2\/comments?post=36"}],"version-history":[{"count":47,"href":"https:\/\/parolesderochelais.fr\/index.php\/wp-json\/wp\/v2\/pages\/36\/revisions"}],"predecessor-version":[{"id":2530,"href":"https:\/\/parolesderochelais.fr\/index.php\/wp-json\/wp\/v2\/pages\/36\/revisions\/2530"}],"wp:attachment":[{"href":"https:\/\/parolesderochelais.fr\/index.php\/wp-json\/wp\/v2\/media?parent=36"}],"curies":[{"name":"wp","href":"https:\/\/api.w.org\/{rel}","templated":true}]}}